{"id":46,"date":"2024-07-09T23:41:40","date_gmt":"2024-07-09T23:41:40","guid":{"rendered":"https:\/\/andrzejmarjanski.pl\/?page_id=46"},"modified":"2025-08-31T10:20:44","modified_gmt":"2025-08-31T10:20:44","slug":"o-mnie","status":"publish","type":"page","link":"https:\/\/andrzejmarjanski.pl\/","title":{"rendered":"O mnie"},"content":{"rendered":"\n<p><\/p>\n\n\n\n<p><\/p>\n\n\n\n<p>Jestem doktorem nauk o zarz\u0105dzaniu. Moje zainteresowania naukowe i badawcze oraz dzia\u0142alno\u015b\u0107 ekspercka zwi\u0105zane s\u0105 z przedsi\u0119biorczo\u015bci\u0105 rodzinn\u0105, zarz\u0105dzaniem ma\u0142ymi i \u015brednimi przedsi\u0119biorstwami, strategiami rozwoju przedsi\u0119biorstw oraz bezpiecze\u0144stwem i zarz\u0105dzaniem kryzysowym.&nbsp;&nbsp;<\/p>\n\n\n\n<p>Jestem autorem, wsp\u00f3\u0142autorem oraz redaktorem ponad 100 publikacji po\u015bwi\u0119conych zarz\u0105dzaniu, sukcesji i strategii rozwoju w biznesach rodzinnych, zarz\u0105dzaniu ma\u0142ymi i \u015brednimi przedsi\u0119biorstwami, oraz bezpiecze\u0144stwu i zarz\u0105dzaniu kryzysowemu, w tym ksi\u0105\u017cki \u201eFirmy rodzinne &#8211; jak osi\u0105gn\u0105\u0107 sukces w sztafecie pokole\u0144\u201d (Poltext, 2009,2011). By\u0142em koordynatorem naukowym w projekcie badawczym Pentora dla Polskiej Agencji Rozwoju Przedsi\u0119biorczo\u015bci oraz wiceprzewodnicz\u0105cym Rady Programowej i ekspertem Projektu Szkoleniowo-Doradczego Firmy Rodzinne PARP-IFR. <\/p>\n\n\n\n<p>Realizowa\u0142em mi\u0119dzynarodowy cykl: \u201eBusiness Transfer Programme\u201d dla firm rodzinnych przechodz\u0105cych proces sukcesji. Ekspert w projekcie \u201ePrzewodnik po sukcesji w Firmach Rodzinnych\u201d. Doradzam przedsi\u0119biorstwom rodzinnym w zakresie wdra\u017cania strategii rozwoju i przeprowadzenia sukcesji. Aktywnie uczestniczy w \u017cyciu naukowym, bior\u0105c czynny udzia\u0142 w konferencjach naukowych i szkoleniach. &nbsp;By\u0142em cz\u0142onkiem rad programowych wielu konferencji naukowych oraz recenzentem i cz\u0142onkiem kilku rad redakcyjnych czasopism naukowych. oraz kierownikiem oraz wykonawc\u0105 w kilkunastu projektach badawczych i komercyjnych. Nale\u017c\u0119 do IFERA &#8211; International Family Enterprise Research Academy, International Atlantic Economic Society (USA), Polskiego Towarzystwa Ekonomicznego, Rady Naukowej Zwi\u0105zku Rrzemios\u0142a Polskiego i FaBerRNET \u2013 Family Business Research Network, Polska. By\u0142em cz\u0142onkiem Krajowej Rady Przedsi\u0119biorczo\u015bci przy Ministrze Gospodarki (2013-2015) .<\/p>\n\n\n\n<p>Prowadz\u0119 zaj\u0119cia dydaktyczne z zakresu zarz\u0105dzania, strategii, przedsi\u0119biorczo\u015bci oraz zarz\u0105dzania kryzysowego i ratownictwa. Jestem promotorem wielu prac dyplomowych i magisterskich. Jako promotor pomocniczym wypromowa\u0142em jednego doktora.<\/p>\n\n\n\n<p>Posiadam wieloletnie do\u015bwiadczenie zawodowe jako praktyk biznesu. Prowadzimy przedsi\u0119biorstwo rodzinne \u201eDremar\u201d oraz jestem cz\u0142onkiem rady nadzorczej Powiatowego Centrum Zdrowia sp. z o.o. w Brzezinach. W obszarze bezpiecze\u0144stwa narodowego posiadam do\u015bwiadczenie zdobyte w czasie s\u0142u\u017cby w Ochotniczej Stra\u017cy Po\u017carnej w Je\u017cowie oraz jako wiceprezes Zarz\u0105du Oddzia\u0142u Powiatowego Zwi\u0105zku Ochotniczych Stra\u017cy Po\u017carnych RP w Brzezinach oraz w \u0141\u00f3dzkim Towarzystwie Strzeleckim \u201eBractwo Kurkowe\u201d. <\/p>\n\n\n\n<p><\/p>\n","protected":false},"excerpt":{"rendered":"<p>Jestem doktorem nauk o zarz\u0105dzaniu. Moje zainteresowania naukowe i badawcze oraz dzia\u0142alno\u015b\u0107 ekspercka zwi\u0105zane s\u0105 z przedsi\u0119biorczo\u015bci\u0105 rodzinn\u0105, zarz\u0105dzaniem ma\u0142ymi i \u015brednimi przedsi\u0119biorstwami, strategiami rozwoju przedsi\u0119biorstw oraz bezpiecze\u0144stwem i zarz\u0105dzaniem kryzysowym.&nbsp;&nbsp; Jestem autorem, wsp\u00f3\u0142autorem oraz redaktorem ponad 100 publikacji po\u015bwi\u0119conych zarz\u0105dzaniu, sukcesji i strategii rozwoju w biznesach rodzinnych, zarz\u0105dzaniu ma\u0142ymi i \u015brednimi przedsi\u0119biorstwami, oraz bezpiecze\u0144stwu [&hellip;]<\/p>\n","protected":false},"author":1,"featured_media":0,"parent":0,"menu_order":0,"comment_status":"closed","ping_status":"closed","template":"","meta":{"ngg_post_thumbnail":0,"footnotes":""},"class_list":["post-46","page","type-page","status-publish","hentry"],"_links":{"self":[{"href":"https:\/\/andrzejmarjanski.pl\/index.php?rest_route=\/wp\/v2\/pages\/46","targetHints":{"allow":["GET"]}}],"collection":[{"href":"https:\/\/andrzejmarjanski.pl\/index.php?rest_route=\/wp\/v2\/pages"}],"about":[{"href":"https:\/\/andrzejmarjanski.pl\/index.php?rest_route=\/wp\/v2\/types\/page"}],"author":[{"embeddable":true,"href":"https:\/\/andrzejmarjanski.pl\/index.php?rest_route=\/wp\/v2\/users\/1"}],"replies":[{"embeddable":true,"href":"https:\/\/andrzejmarjanski.pl\/index.php?rest_route=%2Fwp%2Fv2%2Fcomments&post=46"}],"version-history":[{"count":5,"href":"https:\/\/andrzejmarjanski.pl\/index.php?rest_route=\/wp\/v2\/pages\/46\/revisions"}],"predecessor-version":[{"id":499,"href":"https:\/\/andrzejmarjanski.pl\/index.php?rest_route=\/wp\/v2\/pages\/46\/revisions\/499"}],"wp:attachment":[{"href":"https:\/\/andrzejmarjanski.pl\/index.php?rest_route=%2Fwp%2Fv2%2Fmedia&parent=46"}],"curies":[{"name":"wp","href":"https:\/\/api.w.org\/{rel}","templated":true}]}}