{"id":52,"date":"2024-07-09T23:42:30","date_gmt":"2024-07-09T23:42:30","guid":{"rendered":"https:\/\/andrzejmarjanski.pl\/?page_id=52"},"modified":"2025-07-19T08:32:45","modified_gmt":"2025-07-19T08:32:45","slug":"dzialania-spoleczne","status":"publish","type":"page","link":"https:\/\/andrzejmarjanski.pl\/?page_id=52","title":{"rendered":"Dzia\u0142ania spo\u0142eczne"},"content":{"rendered":"\n<p>2025 &#8211; nadal Zesp\u00f3\u0142 ds. szkole\u0144 z zakresu ochrony ludno\u015bci i obrony cywilnej, Zarz\u0105d Oddzia\u0142u Wojew\u00f3dzkiego wojew\u00f3dztwa \u0142\u00f3dzkiego ZOSP RP \u2013 cz\u0142onek.&nbsp; &nbsp;<\/p>\n\n\n\n<p>2024 \u2013 nadal &#8211; Otwarte Forum Dyskusyjne \u201eBiznes z Nauk\u0105 \u2013 Nauka z Biznesem\u201d \u2013 cz\u0142onek Rady Programowej<\/p>\n\n\n\n<p>2016 \u2013 2019 \u2013 cz\u0142onek zarz\u0105du Oddzia\u0142u Regionu \u0141\u00f3dzkiego i Mazowsza Zachodniego Inicjatywy Firm Rodzinnych&nbsp;.<\/p>\n\n\n\n<p>2013 \u2013 2015 \u2013 cz\u0142onek Krajowej Rady Przedsi\u0119biorczo\u015bci przy Ministrze Gospodarki.<\/p>\n\n\n\n<p>2011- 2016 &#8211; prezes Oddzia\u0142u Gminnego ZOSP RP w Je\u017cowie.<\/p>\n\n\n\n<p>2001 \u2013 2021 &#8211; Zwi\u0105zek Ochotniczych Stra\u017cy Po\u017carnych RP \u2013 wiceprezes zarz\u0105du Oddzia\u0142u Powiatowego w Brzezinach.<\/p>\n\n\n\n<p>2021 \u2013 nadal &#8211; Zwi\u0105zek Ochotniczych Stra\u017cy Po\u017carnych RP \u2013 wiceprezes honorowy zarz\u0105du Oddzia\u0142u Powiatowego w Brzezinach.<\/p>\n\n\n\n<p>2001 \u2013 2021- Ochotnicza Stra\u017c Po\u017carna w Je\u017cowie \u2013 wiceprezes.<\/p>\n\n\n\n<p>2021 &#8211; nadal -Ochotnicza Stra\u017c Po\u017carna w Je\u017cowie \u2013 cz\u0142onek komisji rewizyjnej.<\/p>\n\n\n\n<p>1999- 2002 \u2013 wiceprzewodnicz\u0105cy Rady Spo\u0142ecznej Zespo\u0142u Opieki Zdrowotnej w Brzezinach.<\/p>\n\n\n\n<p>1999- 2001 \u2013 radny Rady Powiatu \u0141\u00f3dzkiego Wschodniego, przewodnicz\u0105cy komisji statutowej.<\/p>\n\n\n\n<p>1997 \u2013 nadal &#8211; \u0141\u00f3dzkie Towarzystwo Strzeleckie \u201eBractwo Kurkowe\u201d, pisarz bractwa, starszy instygator S\u0105du Brackiego. &nbsp;&nbsp;&nbsp;<\/p>\n\n\n\n<p>1970 \u2013 nadal &#8211; Zwi\u0105zek Harcerstwa Polskiego \u2013 pe\u0142nione funkcje: dru\u017cynowy, szczepowy, instruktor Wydzia\u0142u Harcerskiego Komendy Chor\u0105gwi, przewodnicz\u0105cy Kr\u0119gu Instruktorskiego \u201eBa\u0142uciarze\u201d, przewodnicz\u0105cy Rady Hufca \u0141\u00f3d\u017a-Ba\u0142uty \u201ePromienistych\u201d.<\/p>\n\n\n\n<p><\/p>\n","protected":false},"excerpt":{"rendered":"<p>2025 &#8211; nadal Zesp\u00f3\u0142 ds. szkole\u0144 z zakresu ochrony ludno\u015bci i obrony cywilnej, Zarz\u0105d Oddzia\u0142u Wojew\u00f3dzkiego wojew\u00f3dztwa \u0142\u00f3dzkiego ZOSP RP \u2013 cz\u0142onek.&nbsp; &nbsp; 2024 \u2013 nadal &#8211; Otwarte Forum Dyskusyjne \u201eBiznes z Nauk\u0105 \u2013 Nauka z Biznesem\u201d \u2013 cz\u0142onek Rady Programowej 2016 \u2013 2019 \u2013 cz\u0142onek zarz\u0105du Oddzia\u0142u Regionu \u0141\u00f3dzkiego i Mazowsza Zachodniego Inicjatywy Firm [&hellip;]<\/p>\n","protected":false},"author":1,"featured_media":0,"parent":0,"menu_order":0,"comment_status":"closed","ping_status":"closed","template":"","meta":{"ngg_post_thumbnail":0,"footnotes":""},"class_list":["post-52","page","type-page","status-publish","hentry"],"_links":{"self":[{"href":"https:\/\/andrzejmarjanski.pl\/index.php?rest_route=\/wp\/v2\/pages\/52","targetHints":{"allow":["GET"]}}],"collection":[{"href":"https:\/\/andrzejmarjanski.pl\/index.php?rest_route=\/wp\/v2\/pages"}],"about":[{"href":"https:\/\/andrzejmarjanski.pl\/index.php?rest_route=\/wp\/v2\/types\/page"}],"author":[{"embeddable":true,"href":"https:\/\/andrzejmarjanski.pl\/index.php?rest_route=\/wp\/v2\/users\/1"}],"replies":[{"embeddable":true,"href":"https:\/\/andrzejmarjanski.pl\/index.php?rest_route=%2Fwp%2Fv2%2Fcomments&post=52"}],"version-history":[{"count":3,"href":"https:\/\/andrzejmarjanski.pl\/index.php?rest_route=\/wp\/v2\/pages\/52\/revisions"}],"predecessor-version":[{"id":396,"href":"https:\/\/andrzejmarjanski.pl\/index.php?rest_route=\/wp\/v2\/pages\/52\/revisions\/396"}],"wp:attachment":[{"href":"https:\/\/andrzejmarjanski.pl\/index.php?rest_route=%2Fwp%2Fv2%2Fmedia&parent=52"}],"curies":[{"name":"wp","href":"https:\/\/api.w.org\/{rel}","templated":true}]}}